{"id":1849,"date":"2025-07-11T08:53:23","date_gmt":"2025-07-11T08:53:23","guid":{"rendered":"https:\/\/www.whiteshow.com\/?page_id=1849"},"modified":"2026-04-24T10:26:13","modified_gmt":"2026-04-24T10:26:13","slug":"special-areas","status":"publish","type":"page","link":"https:\/\/www.whiteshow.com\/it\/special-areas\/","title":{"rendered":"SPECIAL AREAS"},"content":{"rendered":"\t\t<div data-elementor-type=\"wp-post\" data-elementor-id=\"1849\" class=\"elementor elementor-1849\" data-elementor-post-type=\"page\">\n\t\t\t\t<div class=\"elementor-element elementor-element-08efc68 e-grid e-con-boxed e-con e-parent\" data-id=\"08efc68\" data-element_type=\"container\">\n\t\t\t\t\t<div class=\"e-con-inner\">\n\t\t\t\t<div class=\"elementor-element elementor-element-c7c69f8 elementor-widget elementor-widget-image\" data-id=\"c7c69f8\" data-element_type=\"widget\" data-widget_type=\"image.default\">\n\t\t\t\t\t\t\t\t\t\t\t\t\t\t\t<img fetchpriority=\"high\" decoding=\"async\" width=\"800\" height=\"534\" src=\"https:\/\/www.whiteshow.com\/wp-content\/uploads\/2026\/04\/Capi_Superstudio_Stefano_Mortari_0006-1024x683.jpg\" class=\"attachment-large size-large wp-image-4793\" alt=\"\" srcset=\"https:\/\/www.whiteshow.com\/wp-content\/uploads\/2026\/04\/Capi_Superstudio_Stefano_Mortari_0006-1024x683.jpg 1024w, https:\/\/www.whiteshow.com\/wp-content\/uploads\/2026\/04\/Capi_Superstudio_Stefano_Mortari_0006-300x200.jpg 300w, https:\/\/www.whiteshow.com\/wp-content\/uploads\/2026\/04\/Capi_Superstudio_Stefano_Mortari_0006-768x512.jpg 768w, https:\/\/www.whiteshow.com\/wp-content\/uploads\/2026\/04\/Capi_Superstudio_Stefano_Mortari_0006.jpg 1200w\" sizes=\"(max-width: 800px) 100vw, 800px\" \/>\t\t\t\t\t\t\t\t\t\t\t\t\t\t\t<\/div>\n\t\t\t\t<div class=\"elementor-element elementor-element-4172011 elementor-widget elementor-widget-text-editor\" data-id=\"4172011\" data-element_type=\"widget\" data-widget_type=\"text-editor.default\">\n\t\t\t\t\t\t\t\t\t<h1 style=\"text-align: center;\"><strong>LOFT<\/strong><\/h1><div class=\"wpb_text_column wpb_content_element \"><div class=\"wpb_wrapper\"><div class=\"partner-description col-12 col-md-6 px-0\"><p style=\"text-align: justify;\">Tre <strong>LOFT<\/strong> dedicate a marchi dal concept sofisticato e con dettagli artigianali, ma definiti da costruzioni e forme evolute, dentro Superstudio Pi\u00f9 &#8211; <strong>Tortona 27<\/strong>.<\/p><p style=\"text-align: justify;\">Brand fedeli a una tradizione sartoriale che hanno reinterpretato gli archetipi dell&#8217;eleganza, affidandosi a ricerca e innovazione stilistica.<\/p><\/div><p style=\"text-align: justify;\">Le Loft di WHITE sono ampi open space, luminosi e versatili, ideali per progetti speciali o per showroom internazionali che desiderino presentare i loro designer.<\/p><p style=\"text-align: justify;\">Il design interno \u00e8 elegante e minimalista: arredi essenziali che uniscono funzionalit\u00e0 ed estetica contemporanea, lasciando libero spazio alla personalizzazione e valorizzando ogni dettaglio delle collezioni esposte.<\/p><\/div><\/div>\t\t\t\t\t\t\t\t<\/div>\n\t\t\t\t\t<\/div>\n\t\t\t\t<\/div>\n\t\t<div class=\"elementor-element elementor-element-359bd32 e-grid e-con-boxed e-con e-parent\" data-id=\"359bd32\" data-element_type=\"container\">\n\t\t\t\t\t<div class=\"e-con-inner\">\n\t\t\t\t<div class=\"elementor-element elementor-element-cb45f6d elementor-widget elementor-widget-image\" data-id=\"cb45f6d\" data-element_type=\"widget\" data-widget_type=\"image.default\">\n\t\t\t\t\t\t\t\t\t\t\t\t\t\t\t<img decoding=\"async\" width=\"800\" height=\"534\" src=\"https:\/\/www.whiteshow.com\/wp-content\/uploads\/2026\/04\/Superstudio_Secret_Rooms_0015-1024x683.jpg\" class=\"attachment-large size-large wp-image-4789\" alt=\"\" srcset=\"https:\/\/www.whiteshow.com\/wp-content\/uploads\/2026\/04\/Superstudio_Secret_Rooms_0015-1024x683.jpg 1024w, https:\/\/www.whiteshow.com\/wp-content\/uploads\/2026\/04\/Superstudio_Secret_Rooms_0015-300x200.jpg 300w, https:\/\/www.whiteshow.com\/wp-content\/uploads\/2026\/04\/Superstudio_Secret_Rooms_0015-768x512.jpg 768w, https:\/\/www.whiteshow.com\/wp-content\/uploads\/2026\/04\/Superstudio_Secret_Rooms_0015-1536x1024.jpg 1536w, https:\/\/www.whiteshow.com\/wp-content\/uploads\/2026\/04\/Superstudio_Secret_Rooms_0015.jpg 1920w\" sizes=\"(max-width: 800px) 100vw, 800px\" \/>\t\t\t\t\t\t\t\t\t\t\t\t\t\t\t<\/div>\n\t\t\t\t<div class=\"elementor-element elementor-element-6667293 elementor-widget elementor-widget-text-editor\" data-id=\"6667293\" data-element_type=\"widget\" data-widget_type=\"text-editor.default\">\n\t\t\t\t\t\t\t\t\t<h1 style=\"text-align: center;\"><strong>SECRET ROOMS<\/strong><\/h1><p style=\"text-align: justify;\">Cinque <strong>SECRET ROOMS<\/strong> posizionate all&#8217;interno di Superstudio Pi\u00f9 &#8211; <strong>Tortona 27<\/strong>, per altrettanti <strong>designer internazionali di nuova generazione<\/strong> che hanno gi\u00e0 attirato l&#8217;attenzione dei key account tra i top buyer di tutto il mondo e faranno il loro <strong>debutto sulla scena europea<\/strong> partendo da WHITE.<\/p><p style=\"text-align: justify;\">Il progetto SECRET ROOMS porta sotto i riflettori cinque talenti emergenti tra i pi\u00f9 interessanti della scena internazionale, presentando le loro creazioni all&#8217;interno di cinque stanze segrete.<\/p><p style=\"text-align: justify;\">Un format esclusivo che rappresenta una vera piattaforma di lancio per nuovi designer che desiderano ampliare il proprio pubblico e consolidare la presenza sui mercati globali, oltre a essere un&#8217;importante occasione di visibilit\u00e0 mediatica grazie al costante interesse della stampa internazionale.<\/p>\t\t\t\t\t\t\t\t<\/div>\n\t\t\t\t\t<\/div>\n\t\t\t\t<\/div>\n\t\t<div class=\"elementor-element elementor-element-3d3b4f9 e-grid e-con-boxed e-con e-parent\" data-id=\"3d3b4f9\" data-element_type=\"container\">\n\t\t\t\t\t<div class=\"e-con-inner\">\n\t\t\t\t<div class=\"elementor-element elementor-element-d3537b3 elementor-widget elementor-widget-image\" data-id=\"d3537b3\" data-element_type=\"widget\" data-widget_type=\"image.default\">\n\t\t\t\t\t\t\t\t\t\t\t\t\t\t\t<img decoding=\"async\" width=\"800\" height=\"543\" src=\"https:\/\/www.whiteshow.com\/wp-content\/uploads\/2026\/04\/Schermata-2021-07-23-alle-12.13.44-1024x695.png\" class=\"attachment-large size-large wp-image-4791\" alt=\"\" srcset=\"https:\/\/www.whiteshow.com\/wp-content\/uploads\/2026\/04\/Schermata-2021-07-23-alle-12.13.44-1024x695.png 1024w, https:\/\/www.whiteshow.com\/wp-content\/uploads\/2026\/04\/Schermata-2021-07-23-alle-12.13.44-300x203.png 300w, https:\/\/www.whiteshow.com\/wp-content\/uploads\/2026\/04\/Schermata-2021-07-23-alle-12.13.44-768x521.png 768w, https:\/\/www.whiteshow.com\/wp-content\/uploads\/2026\/04\/Schermata-2021-07-23-alle-12.13.44-1536x1042.png 1536w, https:\/\/www.whiteshow.com\/wp-content\/uploads\/2026\/04\/Schermata-2021-07-23-alle-12.13.44-2048x1389.png 2048w\" sizes=\"(max-width: 800px) 100vw, 800px\" \/>\t\t\t\t\t\t\t\t\t\t\t\t\t\t\t<\/div>\n\t\t\t\t<div class=\"elementor-element elementor-element-cec0b24 elementor-widget elementor-widget-text-editor\" data-id=\"cec0b24\" data-element_type=\"widget\" data-widget_type=\"text-editor.default\">\n\t\t\t\t\t\t\t\t\t<h1 style=\"text-align: center;\"><strong>BASEMENT<\/strong><\/h1><p style=\"text-align: justify;\">Con la sua atmosfera vissuta, il <strong>BASEMENT<\/strong>, situato all&#8217;interno di Superstudio Pi\u00f9 &#8211; <strong>Tortona 27<\/strong>, rappresenta l&#8217;essenza dell&#8217;innovazione nel mondo della moda, ospitando collezioni che sfidano le convenzioni e abbattono i canoni stilistici tradizionali.<\/p><p style=\"text-align: justify;\">L&#8217;imponenza del contesto, con il suo ambiente grezzo, diventa parte integrante del messaggio che ogni collezione porta con s\u00e9, creando una connessione diretta tra spazio e prodotto.<\/p><p style=\"text-align: justify;\">Nel BASEMENT, concepito come uno spazio intimo e all&#8217;avanguardia, trovano posto collezioni selezionate e dal carattere ricercato. Le superfici in cemento grezzo, gli arredi dal design deciso e un attento gioco di luci danno vita a un&#8217;atmosfera che combina eleganza e autenticit\u00e0.<\/p><p style=\"text-align: justify;\">Questo ambiente si rivela ideale per chi desidera un luogo versatile e curato, capace di trasmettere un\u2019energia contemporanea pur conservando un fascino raffinato e genuino.<\/p>\t\t\t\t\t\t\t\t<\/div>\n\t\t\t\t\t<\/div>\n\t\t\t\t<\/div>\n\t\t<div class=\"elementor-element elementor-element-de31b39 e-grid e-con-boxed e-con e-parent\" data-id=\"de31b39\" data-element_type=\"container\">\n\t\t\t\t\t<div class=\"e-con-inner\">\n\t\t\t\t<div class=\"elementor-element elementor-element-12c4640 elementor-widget elementor-widget-image\" data-id=\"12c4640\" data-element_type=\"widget\" data-widget_type=\"image.default\">\n\t\t\t\t\t\t\t\t\t\t\t\t\t\t\t<img loading=\"lazy\" decoding=\"async\" width=\"800\" height=\"534\" src=\"https:\/\/www.whiteshow.com\/wp-content\/uploads\/2026\/04\/Superstudio_Inside_White_0011-1024x683.jpg\" class=\"attachment-large size-large wp-image-4787\" alt=\"\" srcset=\"https:\/\/www.whiteshow.com\/wp-content\/uploads\/2026\/04\/Superstudio_Inside_White_0011-1024x683.jpg 1024w, https:\/\/www.whiteshow.com\/wp-content\/uploads\/2026\/04\/Superstudio_Inside_White_0011-300x200.jpg 300w, https:\/\/www.whiteshow.com\/wp-content\/uploads\/2026\/04\/Superstudio_Inside_White_0011-768x512.jpg 768w, https:\/\/www.whiteshow.com\/wp-content\/uploads\/2026\/04\/Superstudio_Inside_White_0011.jpg 1200w\" sizes=\"(max-width: 800px) 100vw, 800px\" \/>\t\t\t\t\t\t\t\t\t\t\t\t\t\t\t<\/div>\n\t\t\t\t<div class=\"elementor-element elementor-element-497f42e elementor-widget elementor-widget-text-editor\" data-id=\"497f42e\" data-element_type=\"widget\" data-widget_type=\"text-editor.default\">\n\t\t\t\t\t\t\t\t\t<h1 style=\"text-align: center;\"><strong>INSIDE WHITE<\/strong><\/h1><p style=\"text-align: justify;\"><strong>INSIDE<\/strong> \u00e8 lo spazio iconico di WHITE, dedicato a brand di abbigliamento e accessori dalla forte identit\u00e0, dove realt\u00e0 consolidate e nuovi talenti della moda dialogano e si influenzano a vicenda.<\/p><p style=\"text-align: justify;\">Gli spazi, privi di pareti divisorie, offrono un open space ampio e luminoso, caratterizzato da un design minimal e scenografico, con dettagli in ferro e linee architettoniche essenziali.<\/p><p style=\"text-align: justify;\">Pensato per valorizzare ogni collezione, lo spazio INSIDE propone diverse opzioni espositive e regala ai visitatori un&#8217;esperienza immersiva, fluida e coinvolgente.<\/p><p style=\"text-align: justify;\">Un palcoscenico inedito per presentare le aziende di ricerca di moda, accessori, style e beauty.<\/p>\t\t\t\t\t\t\t\t<\/div>\n\t\t\t\t\t<\/div>\n\t\t\t\t<\/div>\n\t\t<div class=\"elementor-element elementor-element-5075e13 e-flex e-con-boxed e-con e-parent\" data-id=\"5075e13\" data-element_type=\"container\">\n\t\t\t\t\t<div class=\"e-con-inner\">\n\t\t\t\t<div class=\"elementor-element elementor-element-2986515 elementor-widget elementor-widget-spacer\" data-id=\"2986515\" data-element_type=\"widget\" data-widget_type=\"spacer.default\">\n\t\t\t\t\t\t\t<div class=\"elementor-spacer\">\n\t\t\t<div class=\"elementor-spacer-inner\"><\/div>\n\t\t<\/div>\n\t\t\t\t\t\t<\/div>\n\t\t\t\t\t<\/div>\n\t\t\t\t<\/div>\n\t\t\t\t<\/div>\n\t\t","protected":false},"excerpt":{"rendered":"<p>LOFT Tre LOFT dedicate a marchi dal concept sofisticato e con dettagli artigianali, ma definiti da costruzioni e forme evolute, dentro Superstudio Pi\u00f9 &#8211; Tortona 27. Brand fedeli a una tradizione sartoriale che hanno reinterpretato gli archetipi dell&#8217;eleganza, affidandosi a ricerca e innovazione stilistica. Le Loft di WHITE sono ampi open space, luminosi e versatili, [&hellip;]<\/p>\n","protected":false},"author":3,"featured_media":0,"parent":0,"menu_order":0,"comment_status":"closed","ping_status":"closed","template":"","meta":{"footnotes":""},"class_list":["post-1849","page","type-page","status-publish","hentry"],"_links":{"self":[{"href":"https:\/\/www.whiteshow.com\/it\/wp-json\/wp\/v2\/pages\/1849","targetHints":{"allow":["GET"]}}],"collection":[{"href":"https:\/\/www.whiteshow.com\/it\/wp-json\/wp\/v2\/pages"}],"about":[{"href":"https:\/\/www.whiteshow.com\/it\/wp-json\/wp\/v2\/types\/page"}],"author":[{"embeddable":true,"href":"https:\/\/www.whiteshow.com\/it\/wp-json\/wp\/v2\/users\/3"}],"replies":[{"embeddable":true,"href":"https:\/\/www.whiteshow.com\/it\/wp-json\/wp\/v2\/comments?post=1849"}],"version-history":[{"count":67,"href":"https:\/\/www.whiteshow.com\/it\/wp-json\/wp\/v2\/pages\/1849\/revisions"}],"predecessor-version":[{"id":5003,"href":"https:\/\/www.whiteshow.com\/it\/wp-json\/wp\/v2\/pages\/1849\/revisions\/5003"}],"wp:attachment":[{"href":"https:\/\/www.whiteshow.com\/it\/wp-json\/wp\/v2\/media?parent=1849"}],"curies":[{"name":"wp","href":"https:\/\/api.w.org\/{rel}","templated":true}]}}