{"id":4891,"date":"2026-04-02T13:57:31","date_gmt":"2026-04-02T13:57:31","guid":{"rendered":"https:\/\/www.whiteshow.com\/news\/"},"modified":"2026-04-23T15:46:22","modified_gmt":"2026-04-23T15:46:22","slug":"news","status":"publish","type":"page","link":"https:\/\/www.whiteshow.com\/en\/news\/","title":{"rendered":"NEWS"},"content":{"rendered":"\t\t<div data-elementor-type=\"wp-post\" data-elementor-id=\"4891\" class=\"elementor elementor-4891 elementor-4087\" data-elementor-post-type=\"page\">\n\t\t\t\t<div class=\"elementor-element elementor-element-95e8124 e-flex e-con-boxed e-con e-parent\" data-id=\"95e8124\" data-element_type=\"container\">\n\t\t\t\t\t<div class=\"e-con-inner\">\n\t\t\t\t<div class=\"elementor-element elementor-element-365a4cd elementor-widget elementor-widget-image\" data-id=\"365a4cd\" data-element_type=\"widget\" data-widget_type=\"image.default\">\n\t\t\t\t\t\t\t\t\t\t\t\t\t\t\t<img fetchpriority=\"high\" decoding=\"async\" width=\"2136\" height=\"1293\" src=\"https:\/\/www.whiteshow.com\/wp-content\/uploads\/2026\/04\/Screenshot-2026-04-23-alle-4.42.23-PM.png\" class=\"attachment-full size-full wp-image-4917\" alt=\"\" srcset=\"https:\/\/www.whiteshow.com\/wp-content\/uploads\/2026\/04\/Screenshot-2026-04-23-alle-4.42.23-PM.png 2136w, https:\/\/www.whiteshow.com\/wp-content\/uploads\/2026\/04\/Screenshot-2026-04-23-alle-4.42.23-PM-300x182.png 300w, https:\/\/www.whiteshow.com\/wp-content\/uploads\/2026\/04\/Screenshot-2026-04-23-alle-4.42.23-PM-1024x620.png 1024w, https:\/\/www.whiteshow.com\/wp-content\/uploads\/2026\/04\/Screenshot-2026-04-23-alle-4.42.23-PM-768x465.png 768w, https:\/\/www.whiteshow.com\/wp-content\/uploads\/2026\/04\/Screenshot-2026-04-23-alle-4.42.23-PM-1536x930.png 1536w, https:\/\/www.whiteshow.com\/wp-content\/uploads\/2026\/04\/Screenshot-2026-04-23-alle-4.42.23-PM-2048x1240.png 2048w\" sizes=\"(max-width: 2136px) 100vw, 2136px\" \/>\t\t\t\t\t\t\t\t\t\t\t\t\t\t\t<\/div>\n\t\t\t\t\t<\/div>\n\t\t\t\t<\/div>\n\t\t<div class=\"elementor-element elementor-element-dc3e535 e-flex e-con-boxed e-con e-parent\" data-id=\"dc3e535\" data-element_type=\"container\">\n\t\t\t\t\t<div class=\"e-con-inner\">\n\t\t\t\t<div class=\"elementor-element elementor-element-950d6cc elementor-widget elementor-widget-text-editor\" data-id=\"950d6cc\" data-element_type=\"widget\" data-widget_type=\"text-editor.default\">\n\t\t\t\t\t\t\t\t\t<p class=\"p1\"><p style=\"text-align: justify;\">WHITE si prepara a una nuova evoluzione, introducendo un importante restyling che andr\u00e0 a ridefinire in modo significativo spazi e contenuti, ampliando e arricchendo l\u2019esperienza espositiva attraverso lo sviluppo di nuove aree e format, pensati per valorizzare al meglio i brand presenti.<\/p>\n<p class=\"p1\"><p style=\"text-align: justify;\">Il T54 accoglier\u00e0 le innovative sezioni WHITE Nuvola, dedicata al mondo degli accessori con un focus sulle proposte pi\u00f9 contemporanee e di ricerca, e WHITE Box, che ospiter\u00e0 una selezione curata di brand di abbigliamento e accessori urban, streetwear e denim, intercettando le tendenze pi\u00f9 attuali del mercato. Presso l\u2019hotel Nhow prender\u00e0 invece vita WHITE RESORT, un evento dedicato alle collezioni di ricerca per la vacanza estiva e il relax, pensato come uno spazio immersivo capace di raccontare nuove visioni del resortwear.<\/p>\n<p class=\"p1\"><p style=\"text-align: justify;\">Il T27 riconfermer\u00e0 le aree Loft, il Basement, oltre agli spazi White Inside e Lounge, dando vita ad un percorso articolato, dinamico e contemporaneo che racconta al meglio l\u2019identit\u00e0 in continua evoluzione del progetto WHITE.<\/p>\t\t\t\t\t\t\t\t<\/div>\n\t\t\t\t\t<\/div>\n\t\t\t\t<\/div>\n\t\t<div class=\"elementor-element elementor-element-d061979 e-flex e-con-boxed e-con e-parent\" data-id=\"d061979\" data-element_type=\"container\">\n\t\t\t\t\t<div class=\"e-con-inner\">\n\t\t<div class=\"elementor-element elementor-element-e2f7076 e-con-full e-flex e-con e-child\" data-id=\"e2f7076\" data-element_type=\"container\">\n\t\t\t\t<div class=\"elementor-element elementor-element-44c7a8e elementor-widget elementor-widget-image\" data-id=\"44c7a8e\" data-element_type=\"widget\" data-widget_type=\"image.default\">\n\t\t\t\t\t\t\t\t\t\t\t\t\t\t\t<img decoding=\"async\" width=\"800\" height=\"800\" src=\"https:\/\/www.whiteshow.com\/wp-content\/uploads\/2026\/04\/NUVOLA-1-1024x1024.jpg\" class=\"attachment-large size-large wp-image-4951\" alt=\"\" srcset=\"https:\/\/www.whiteshow.com\/wp-content\/uploads\/2026\/04\/NUVOLA-1-1024x1024.jpg 1024w, https:\/\/www.whiteshow.com\/wp-content\/uploads\/2026\/04\/NUVOLA-1-300x300.jpg 300w, https:\/\/www.whiteshow.com\/wp-content\/uploads\/2026\/04\/NUVOLA-1-150x150.jpg 150w, https:\/\/www.whiteshow.com\/wp-content\/uploads\/2026\/04\/NUVOLA-1-768x768.jpg 768w, https:\/\/www.whiteshow.com\/wp-content\/uploads\/2026\/04\/NUVOLA-1.jpg 1050w\" sizes=\"(max-width: 800px) 100vw, 800px\" \/>\t\t\t\t\t\t\t\t\t\t\t\t\t\t\t<\/div>\n\t\t\t\t<\/div>\n\t\t<div class=\"elementor-element elementor-element-7fe1dfb e-con-full e-flex e-con e-child\" data-id=\"7fe1dfb\" data-element_type=\"container\">\n\t\t<div class=\"elementor-element elementor-element-fc88278 e-con-full e-flex e-con e-child\" data-id=\"fc88278\" data-element_type=\"container\">\n\t\t\t\t<div class=\"elementor-element elementor-element-f34ebee elementor-widget elementor-widget-image\" data-id=\"f34ebee\" data-element_type=\"widget\" data-widget_type=\"image.default\">\n\t\t\t\t\t\t\t\t\t\t\t\t\t\t\t<img decoding=\"async\" width=\"300\" height=\"135\" src=\"https:\/\/www.whiteshow.com\/wp-content\/uploads\/2026\/04\/Screenshot-2026-04-23-alle-4.56.07-PM-300x135.png\" class=\"attachment-medium size-medium wp-image-4932\" alt=\"\" srcset=\"https:\/\/www.whiteshow.com\/wp-content\/uploads\/2026\/04\/Screenshot-2026-04-23-alle-4.56.07-PM-300x135.png 300w, https:\/\/www.whiteshow.com\/wp-content\/uploads\/2026\/04\/Screenshot-2026-04-23-alle-4.56.07-PM-1024x460.png 1024w, https:\/\/www.whiteshow.com\/wp-content\/uploads\/2026\/04\/Screenshot-2026-04-23-alle-4.56.07-PM-768x345.png 768w, https:\/\/www.whiteshow.com\/wp-content\/uploads\/2026\/04\/Screenshot-2026-04-23-alle-4.56.07-PM.png 1055w\" sizes=\"(max-width: 300px) 100vw, 300px\" \/>\t\t\t\t\t\t\t\t\t\t\t\t\t\t\t<\/div>\n\t\t\t\t<\/div>\n\t\t<div class=\"elementor-element elementor-element-ada6ef4 e-con-full e-flex e-con e-child\" data-id=\"ada6ef4\" data-element_type=\"container\">\n\t\t\t\t<div class=\"elementor-element elementor-element-fdcd6b4 elementor-widget elementor-widget-text-editor\" data-id=\"fdcd6b4\" data-element_type=\"widget\" data-widget_type=\"text-editor.default\">\n\t\t\t\t\t\t\t\t\t<p data-path-to-node=\"3\"><p style=\"text-align: justify;\">A settembre, <b data-path-to-node=\"3\" data-index-in-node=\"13\">WHITE<\/b> evolve inaugurando una sezione dedicata esclusivamente agli accessori (scarpe, borse, cappelli e cinture) al primo piano del <b data-path-to-node=\"3\" data-index-in-node=\"144\">T54 (BASE | via Tortona 54)<\/b>. Lo spazio ospiter\u00e0 una selezione di brand contemporanei e innovativi, pronti a ridefinire le tendenze attuali.<\/p>\n<p data-path-to-node=\"4\"><b data-path-to-node=\"4\" data-index-in-node=\"0\"><p style=\"text-align: justify;\">Il Concept: &#8220;NUVOLA&#8221;<\/b>, il cui l\u2019allestimento punter\u00e0 su un&#8217;estetica <b data-path-to-node=\"5\" data-index-in-node=\"38\">eterea e fluida<\/b>:<\/p>\n\n<ul data-path-to-node=\"6\">\n \t<li>\n<p data-path-to-node=\"6,0,0\"><b data-path-to-node=\"6,0,0\" data-index-in-node=\"0\">Atmosfera:<\/b> Tende leggere e teli sospesi creeranno un ambiente avvolgente dove i prodotti sembrano fluttuare.<\/p>\n<\/li>\n \t<li>\n<p data-path-to-node=\"6,1,0\"><b data-path-to-node=\"6,1,0\" data-index-in-node=\"0\">Esperienza:<\/b> Una luce diffusa e un percorso intuitivo offriranno al visitatore un\u2019esperienza immersiva, trasformando l&#8217;esposizione in un racconto visivo emozionante.<\/p>\n<\/li>\n<\/ul>\n<blockquote data-path-to-node=\"7\">\n<p data-path-to-node=\"7,0\"><\/p>\n<\/blockquote>\t\t\t\t\t\t\t\t<\/div>\n\t\t\t\t<\/div>\n\t\t\t\t<\/div>\n\t\t\t\t\t<\/div>\n\t\t\t\t<\/div>\n\t\t<div class=\"elementor-element elementor-element-7c3142a e-flex e-con-boxed e-con e-parent\" data-id=\"7c3142a\" data-element_type=\"container\">\n\t\t\t\t\t<div class=\"e-con-inner\">\n\t\t<div class=\"elementor-element elementor-element-dd8236c e-con-full e-flex e-con e-child\" data-id=\"dd8236c\" data-element_type=\"container\">\n\t\t\t\t<div class=\"elementor-element elementor-element-1899197 elementor-widget elementor-widget-image\" data-id=\"1899197\" data-element_type=\"widget\" data-widget_type=\"image.default\">\n\t\t\t\t\t\t\t\t\t\t\t\t\t\t\t<img loading=\"lazy\" decoding=\"async\" width=\"1050\" height=\"1050\" src=\"https:\/\/www.whiteshow.com\/wp-content\/uploads\/2026\/04\/BOX-1.jpg\" class=\"attachment-full size-full wp-image-4953\" alt=\"\" srcset=\"https:\/\/www.whiteshow.com\/wp-content\/uploads\/2026\/04\/BOX-1.jpg 1050w, https:\/\/www.whiteshow.com\/wp-content\/uploads\/2026\/04\/BOX-1-300x300.jpg 300w, https:\/\/www.whiteshow.com\/wp-content\/uploads\/2026\/04\/BOX-1-1024x1024.jpg 1024w, https:\/\/www.whiteshow.com\/wp-content\/uploads\/2026\/04\/BOX-1-150x150.jpg 150w, https:\/\/www.whiteshow.com\/wp-content\/uploads\/2026\/04\/BOX-1-768x768.jpg 768w\" sizes=\"(max-width: 1050px) 100vw, 1050px\" \/>\t\t\t\t\t\t\t\t\t\t\t\t\t\t\t<\/div>\n\t\t\t\t<\/div>\n\t\t<div class=\"elementor-element elementor-element-1127a1a e-con-full e-flex e-con e-child\" data-id=\"1127a1a\" data-element_type=\"container\">\n\t\t<div class=\"elementor-element elementor-element-8159991 e-con-full e-flex e-con e-child\" data-id=\"8159991\" data-element_type=\"container\">\n\t\t\t\t<div class=\"elementor-element elementor-element-4e76e3b elementor-widget elementor-widget-image\" data-id=\"4e76e3b\" data-element_type=\"widget\" data-widget_type=\"image.default\">\n\t\t\t\t\t\t\t\t\t\t\t\t\t\t\t<img loading=\"lazy\" decoding=\"async\" width=\"300\" height=\"185\" src=\"https:\/\/www.whiteshow.com\/wp-content\/uploads\/2026\/04\/Screenshot-2026-04-23-alle-4.52.26-PM-300x185.png\" class=\"attachment-medium size-medium wp-image-4924\" alt=\"\" srcset=\"https:\/\/www.whiteshow.com\/wp-content\/uploads\/2026\/04\/Screenshot-2026-04-23-alle-4.52.26-PM-300x185.png 300w, https:\/\/www.whiteshow.com\/wp-content\/uploads\/2026\/04\/Screenshot-2026-04-23-alle-4.52.26-PM-1024x633.png 1024w, https:\/\/www.whiteshow.com\/wp-content\/uploads\/2026\/04\/Screenshot-2026-04-23-alle-4.52.26-PM-768x475.png 768w, https:\/\/www.whiteshow.com\/wp-content\/uploads\/2026\/04\/Screenshot-2026-04-23-alle-4.52.26-PM.png 1273w\" sizes=\"(max-width: 300px) 100vw, 300px\" \/>\t\t\t\t\t\t\t\t\t\t\t\t\t\t\t<\/div>\n\t\t\t\t<\/div>\n\t\t<div class=\"elementor-element elementor-element-5c9e7d2 e-con-full e-flex e-con e-child\" data-id=\"5c9e7d2\" data-element_type=\"container\">\n\t\t\t\t<div class=\"elementor-element elementor-element-b552d54 elementor-widget elementor-widget-text-editor\" data-id=\"b552d54\" data-element_type=\"widget\" data-widget_type=\"text-editor.default\">\n\t\t\t\t\t\t\t\t\t<p style=\"text-align: justify;\">Situato in <b data-path-to-node=\"3\" data-index-in-node=\"11\">via Tortona 54<\/b>, <b data-path-to-node=\"3\" data-index-in-node=\"27\">WHITE Box<\/b> \u00e8 il nuovo spazio dinamico dedicato alle tendenze <b data-path-to-node=\"3\" data-index-in-node=\"87\">urban, streetwear e denim<\/b>. Un punto d\u2019incontro dove brand emergenti e realt\u00e0 consolidate dialogano per interpretare lo spirito pi\u00f9 autentico della moda contemporanea.<\/p><h6 data-path-to-node=\"4\"><b data-path-to-node=\"4\" data-index-in-node=\"0\">Le Caratteristiche Chiave:<\/b><\/h6><ul data-path-to-node=\"5\"><li><b data-path-to-node=\"5,0,0\" data-index-in-node=\"0\">Focus Stilistico:<\/b> Ricerca innovativa e linguaggi estetici d&#8217;avanguardia.<\/li><li><b data-path-to-node=\"5,1,0\" data-index-in-node=\"0\">Oltre la Fiera:<\/b> Uno spazio dove prodotto, cultura e community si intrecciano per creare connessioni reali.<\/li><li><b data-path-to-node=\"5,2,0\" data-index-in-node=\"0\">Format Ibrido (B2B + B2C):<\/b> La vera rivoluzione \u00e8 l&#8217;apertura al <b data-path-to-node=\"5,2,0\" data-index-in-node=\"63\">pubblico finale<\/b>. Oltre ai buyer e agli operatori, anche i consumatori potranno accedere all&#8217;area.<\/li><\/ul><p><b data-path-to-node=\"6,0\" data-index-in-node=\"0\">In sintesi:<\/b> WHITE Box ridefinisce il salone trasformandolo in un hub contemporaneo capace di rispondere alle nuove esigenze del mercato, unendo business e coinvolgimento della community.<\/p>\t\t\t\t\t\t\t\t<\/div>\n\t\t\t\t<\/div>\n\t\t\t\t<\/div>\n\t\t\t\t\t<\/div>\n\t\t\t\t<\/div>\n\t\t<div class=\"elementor-element elementor-element-dddc436 e-flex e-con-boxed e-con e-parent\" data-id=\"dddc436\" data-element_type=\"container\">\n\t\t\t\t\t<div class=\"e-con-inner\">\n\t\t<div class=\"elementor-element elementor-element-7c9a55f e-con-full e-flex e-con e-child\" data-id=\"7c9a55f\" data-element_type=\"container\">\n\t\t\t\t<div class=\"elementor-element elementor-element-f26642a elementor-widget elementor-widget-image\" data-id=\"f26642a\" data-element_type=\"widget\" data-widget_type=\"image.default\">\n\t\t\t\t\t\t\t\t\t\t\t\t\t\t\t<img loading=\"lazy\" decoding=\"async\" width=\"1050\" height=\"1050\" src=\"https:\/\/www.whiteshow.com\/wp-content\/uploads\/2026\/04\/RESORT-1.jpg\" class=\"attachment-full size-full wp-image-4955\" alt=\"\" srcset=\"https:\/\/www.whiteshow.com\/wp-content\/uploads\/2026\/04\/RESORT-1.jpg 1050w, https:\/\/www.whiteshow.com\/wp-content\/uploads\/2026\/04\/RESORT-1-300x300.jpg 300w, https:\/\/www.whiteshow.com\/wp-content\/uploads\/2026\/04\/RESORT-1-1024x1024.jpg 1024w, https:\/\/www.whiteshow.com\/wp-content\/uploads\/2026\/04\/RESORT-1-150x150.jpg 150w, https:\/\/www.whiteshow.com\/wp-content\/uploads\/2026\/04\/RESORT-1-768x768.jpg 768w\" sizes=\"(max-width: 1050px) 100vw, 1050px\" \/>\t\t\t\t\t\t\t\t\t\t\t\t\t\t\t<\/div>\n\t\t\t\t<\/div>\n\t\t<div class=\"elementor-element elementor-element-5fd89fa e-con-full e-flex e-con e-child\" data-id=\"5fd89fa\" data-element_type=\"container\">\n\t\t<div class=\"elementor-element elementor-element-bfd8a02 e-con-full e-flex e-con e-child\" data-id=\"bfd8a02\" data-element_type=\"container\">\n\t\t\t\t<div class=\"elementor-element elementor-element-37b495a elementor-widget elementor-widget-image\" data-id=\"37b495a\" data-element_type=\"widget\" data-widget_type=\"image.default\">\n\t\t\t\t\t\t\t\t\t\t\t\t\t\t\t<img loading=\"lazy\" decoding=\"async\" width=\"300\" height=\"126\" src=\"https:\/\/www.whiteshow.com\/wp-content\/uploads\/2026\/04\/Screenshot-2026-04-23-alle-4.55.28-PM-300x126.png\" class=\"attachment-medium size-medium wp-image-4936\" alt=\"\" srcset=\"https:\/\/www.whiteshow.com\/wp-content\/uploads\/2026\/04\/Screenshot-2026-04-23-alle-4.55.28-PM-300x126.png 300w, https:\/\/www.whiteshow.com\/wp-content\/uploads\/2026\/04\/Screenshot-2026-04-23-alle-4.55.28-PM-1024x429.png 1024w, https:\/\/www.whiteshow.com\/wp-content\/uploads\/2026\/04\/Screenshot-2026-04-23-alle-4.55.28-PM-768x321.png 768w, https:\/\/www.whiteshow.com\/wp-content\/uploads\/2026\/04\/Screenshot-2026-04-23-alle-4.55.28-PM.png 1068w\" sizes=\"(max-width: 300px) 100vw, 300px\" \/>\t\t\t\t\t\t\t\t\t\t\t\t\t\t\t<\/div>\n\t\t\t\t<\/div>\n\t\t<div class=\"elementor-element elementor-element-f384fef e-con-full e-flex e-con e-child\" data-id=\"f384fef\" data-element_type=\"container\">\n\t\t\t\t<div class=\"elementor-element elementor-element-96356e5 elementor-widget elementor-widget-text-editor\" data-id=\"96356e5\" data-element_type=\"widget\" data-widget_type=\"text-editor.default\">\n\t\t\t\t\t\t\t\t\t<div class=\"page\" title=\"Page 2\"><div class=\"layoutArea\"><div class=\"column\"><p style=\"text-align: justify;\"><strong>WHITE Resort<\/strong> si riposiziona con una scelta strategica all\u2019interno dell\u2019edizione di settembre, inserendosi in un contesto gia\u0300 established e con un pubblico consolidato e internazionale. Questa integrazione amplifica visibilita\u0300 e opportunita\u0300, rafforzando il dialogo con buyer e operatori del settore in un momento chiave della Milano Fashion Week Donna.<\/p><div class=\"page\" title=\"Page 2\"><div class=\"layoutArea\"><div class=\"column\"><p style=\"text-align: justify;\">Il format esclusivo, interamente dedicato a <strong>collezioni di piena estate<\/strong>, <strong>resort e beachwear<\/strong>, presenta un guardaroba versatile che spazia dall\u2019abbigliamento agli accessori, pensato per accompagnare ogni momento della giornata, tra funzionalita\u0300 e ricerca stilistica.<\/p><\/div><\/div><\/div><\/div><\/div><\/div>\t\t\t\t\t\t\t\t<\/div>\n\t\t\t\t<\/div>\n\t\t\t\t<\/div>\n\t\t\t\t\t<\/div>\n\t\t\t\t<\/div>\n\t\t<div class=\"elementor-element elementor-element-aaec07a e-flex e-con-boxed e-con e-parent\" data-id=\"aaec07a\" data-element_type=\"container\">\n\t\t\t\t\t<div class=\"e-con-inner\">\n\t\t<div class=\"elementor-element elementor-element-717a847 e-con-full e-flex e-con e-child\" data-id=\"717a847\" data-element_type=\"container\">\n\t\t\t\t<div class=\"elementor-element elementor-element-70981d5 elementor-widget elementor-widget-image\" data-id=\"70981d5\" data-element_type=\"widget\" data-widget_type=\"image.default\">\n\t\t\t\t\t\t\t\t\t\t\t\t\t\t\t<img loading=\"lazy\" decoding=\"async\" width=\"1050\" height=\"1050\" src=\"https:\/\/www.whiteshow.com\/wp-content\/uploads\/2026\/04\/WHITE-MILANO-1.jpg\" class=\"attachment-full size-full wp-image-4957\" alt=\"\" srcset=\"https:\/\/www.whiteshow.com\/wp-content\/uploads\/2026\/04\/WHITE-MILANO-1.jpg 1050w, https:\/\/www.whiteshow.com\/wp-content\/uploads\/2026\/04\/WHITE-MILANO-1-300x300.jpg 300w, https:\/\/www.whiteshow.com\/wp-content\/uploads\/2026\/04\/WHITE-MILANO-1-1024x1024.jpg 1024w, https:\/\/www.whiteshow.com\/wp-content\/uploads\/2026\/04\/WHITE-MILANO-1-150x150.jpg 150w, https:\/\/www.whiteshow.com\/wp-content\/uploads\/2026\/04\/WHITE-MILANO-1-768x768.jpg 768w\" sizes=\"(max-width: 1050px) 100vw, 1050px\" \/>\t\t\t\t\t\t\t\t\t\t\t\t\t\t\t<\/div>\n\t\t\t\t<\/div>\n\t\t<div class=\"elementor-element elementor-element-18e4823 e-con-full e-flex e-con e-child\" data-id=\"18e4823\" data-element_type=\"container\">\n\t\t<div class=\"elementor-element elementor-element-39f284a e-con-full e-flex e-con e-child\" data-id=\"39f284a\" data-element_type=\"container\">\n\t\t\t\t<div class=\"elementor-element elementor-element-ebc9f79 elementor-widget elementor-widget-image\" data-id=\"ebc9f79\" data-element_type=\"widget\" data-widget_type=\"image.default\">\n\t\t\t\t\t\t\t\t\t\t\t\t\t\t\t<img loading=\"lazy\" decoding=\"async\" width=\"300\" height=\"99\" src=\"https:\/\/www.whiteshow.com\/wp-content\/uploads\/2026\/04\/Screenshot-2026-04-23-alle-4.55.48-PM-300x99.png\" class=\"attachment-medium size-medium wp-image-4940\" alt=\"\" srcset=\"https:\/\/www.whiteshow.com\/wp-content\/uploads\/2026\/04\/Screenshot-2026-04-23-alle-4.55.48-PM-300x99.png 300w, https:\/\/www.whiteshow.com\/wp-content\/uploads\/2026\/04\/Screenshot-2026-04-23-alle-4.55.48-PM-1024x339.png 1024w, https:\/\/www.whiteshow.com\/wp-content\/uploads\/2026\/04\/Screenshot-2026-04-23-alle-4.55.48-PM-768x254.png 768w, https:\/\/www.whiteshow.com\/wp-content\/uploads\/2026\/04\/Screenshot-2026-04-23-alle-4.55.48-PM.png 1089w\" sizes=\"(max-width: 300px) 100vw, 300px\" \/>\t\t\t\t\t\t\t\t\t\t\t\t\t\t\t<\/div>\n\t\t\t\t<\/div>\n\t\t<div class=\"elementor-element elementor-element-a74f2ee e-con-full e-flex e-con e-child\" data-id=\"a74f2ee\" data-element_type=\"container\">\n\t\t\t\t<div class=\"elementor-element elementor-element-2ade8ac elementor-widget elementor-widget-text-editor\" data-id=\"2ade8ac\" data-element_type=\"widget\" data-widget_type=\"text-editor.default\">\n\t\t\t\t\t\t\t\t\t<div class=\"page\" title=\"Page 2\"><div class=\"section\"><div class=\"layoutArea\"><div class=\"column\"><p><strong>WHITE<\/strong> e\u0300 un punto di riferimento internazionale per la moda contemporanea: una piattaforma che anticipa le tendenze e valorizza creativita\u0300, design e ricerca nel pre\u0302t-a\u0300-porter, riunendo brand contemporanei internazionali. Piu\u0300 che un evento, offre un\u2019esperienza immersiva in cui spazi e collezioni dialogano in equilibrio tra estetica e contenuto. Con oltre 350 brand, di cui il 46% esteri e il 54% italiani, WHITE si conferma un appuntamento imperdibile che rappresenta l\u2019eccellenza della moda italiana e internazionale.<\/p><\/div><\/div><\/div><\/div>\t\t\t\t\t\t\t\t<\/div>\n\t\t\t\t<\/div>\n\t\t\t\t<\/div>\n\t\t\t\t\t<\/div>\n\t\t\t\t<\/div>\n\t\t<div class=\"elementor-element elementor-element-dad41f3 e-flex e-con-boxed e-con e-parent\" data-id=\"dad41f3\" data-element_type=\"container\">\n\t\t\t\t\t<div class=\"e-con-inner\">\n\t\t\t\t<div class=\"elementor-element elementor-element-863f6e4 elementor-widget elementor-widget-image\" data-id=\"863f6e4\" data-element_type=\"widget\" data-widget_type=\"image.default\">\n\t\t\t\t\t\t\t\t\t\t\t\t\t\t\t<img loading=\"lazy\" decoding=\"async\" width=\"2067\" height=\"1475\" src=\"https:\/\/www.whiteshow.com\/wp-content\/uploads\/2026\/04\/Screenshot-2026-04-23-alle-5.18.48-PM.png\" class=\"attachment-full size-full wp-image-4965\" alt=\"\" srcset=\"https:\/\/www.whiteshow.com\/wp-content\/uploads\/2026\/04\/Screenshot-2026-04-23-alle-5.18.48-PM.png 2067w, https:\/\/www.whiteshow.com\/wp-content\/uploads\/2026\/04\/Screenshot-2026-04-23-alle-5.18.48-PM-300x214.png 300w, https:\/\/www.whiteshow.com\/wp-content\/uploads\/2026\/04\/Screenshot-2026-04-23-alle-5.18.48-PM-1024x731.png 1024w, https:\/\/www.whiteshow.com\/wp-content\/uploads\/2026\/04\/Screenshot-2026-04-23-alle-5.18.48-PM-768x548.png 768w, https:\/\/www.whiteshow.com\/wp-content\/uploads\/2026\/04\/Screenshot-2026-04-23-alle-5.18.48-PM-1536x1096.png 1536w, https:\/\/www.whiteshow.com\/wp-content\/uploads\/2026\/04\/Screenshot-2026-04-23-alle-5.18.48-PM-2048x1461.png 2048w\" sizes=\"(max-width: 2067px) 100vw, 2067px\" \/>\t\t\t\t\t\t\t\t\t\t\t\t\t\t\t<\/div>\n\t\t\t\t\t<\/div>\n\t\t\t\t<\/div>\n\t\t<div class=\"elementor-element elementor-element-faa8019 e-flex e-con-boxed e-con e-parent\" data-id=\"faa8019\" data-element_type=\"container\">\n\t\t\t\t\t<div class=\"e-con-inner\">\n\t\t\t\t<div class=\"elementor-element elementor-element-16fd21a elementor-widget elementor-widget-spacer\" data-id=\"16fd21a\" data-element_type=\"widget\" data-widget_type=\"spacer.default\">\n\t\t\t\t\t\t\t<div class=\"elementor-spacer\">\n\t\t\t<div class=\"elementor-spacer-inner\"><\/div>\n\t\t<\/div>\n\t\t\t\t\t\t<\/div>\n\t\t\t\t\t<\/div>\n\t\t\t\t<\/div>\n\t\t\t\t<\/div>\n\t\t","protected":false},"excerpt":{"rendered":"<p>WHITE si prepara a una nuova evoluzione, introducendo un importante restyling che andr\u00e0 a ridefinire in modo significativo spazi e contenuti, ampliando e arricchendo l\u2019esperienza espositiva attraverso lo sviluppo di nuove aree e format, pensati per valorizzare al meglio i brand presenti. Il T54 accoglier\u00e0 le innovative sezioni WHITE Nuvola, dedicata al mondo degli accessori [&hellip;]<\/p>\n","protected":false},"author":3,"featured_media":0,"parent":0,"menu_order":0,"comment_status":"closed","ping_status":"closed","template":"","meta":{"footnotes":""},"class_list":["post-4891","page","type-page","status-publish","hentry"],"_links":{"self":[{"href":"https:\/\/www.whiteshow.com\/en\/wp-json\/wp\/v2\/pages\/4891","targetHints":{"allow":["GET"]}}],"collection":[{"href":"https:\/\/www.whiteshow.com\/en\/wp-json\/wp\/v2\/pages"}],"about":[{"href":"https:\/\/www.whiteshow.com\/en\/wp-json\/wp\/v2\/types\/page"}],"author":[{"embeddable":true,"href":"https:\/\/www.whiteshow.com\/en\/wp-json\/wp\/v2\/users\/3"}],"replies":[{"embeddable":true,"href":"https:\/\/www.whiteshow.com\/en\/wp-json\/wp\/v2\/comments?post=4891"}],"version-history":[{"count":28,"href":"https:\/\/www.whiteshow.com\/en\/wp-json\/wp\/v2\/pages\/4891\/revisions"}],"predecessor-version":[{"id":4977,"href":"https:\/\/www.whiteshow.com\/en\/wp-json\/wp\/v2\/pages\/4891\/revisions\/4977"}],"wp:attachment":[{"href":"https:\/\/www.whiteshow.com\/en\/wp-json\/wp\/v2\/media?parent=4891"}],"curies":[{"name":"wp","href":"https:\/\/api.w.org\/{rel}","templated":true}]}}