{"id":1185,"date":"2025-06-16T15:10:08","date_gmt":"2025-06-16T15:10:08","guid":{"rendered":"https:\/\/www.whiteshow.com\/contenuti\/"},"modified":"2025-06-19T06:47:44","modified_gmt":"2025-06-19T06:47:44","slug":"contenuti","status":"publish","type":"page","link":"https:\/\/www.whiteshow.com\/en\/contenuti\/","title":{"rendered":"Contenuti"},"content":{"rendered":"\t\t<div data-elementor-type=\"wp-post\" data-elementor-id=\"1185\" class=\"elementor elementor-1185 elementor-636\" data-elementor-post-type=\"page\">\n\t\t\t\t<div class=\"elementor-element elementor-element-f421b72 e-flex e-con-boxed e-con e-parent\" data-id=\"f421b72\" data-element_type=\"container\" data-settings=\"{&quot;background_background&quot;:&quot;classic&quot;}\">\n\t\t\t\t\t<div class=\"e-con-inner\">\n\t\t\t\t<div class=\"elementor-element elementor-element-f717ff4 elementor-widget elementor-widget-text-editor\" data-id=\"f717ff4\" data-element_type=\"widget\" data-widget_type=\"text-editor.default\">\n\t\t\t\t\t\t\t\t\t<h1 class=\"eltdf-st-title\"><span class=\"eltdf-st-title-inner\">About<\/span><\/h1>\t\t\t\t\t\t\t\t<\/div>\n\t\t\t\t\t<\/div>\n\t\t\t\t<\/div>\n\t\t<div class=\"elementor-element elementor-element-79d6299 e-flex e-con-boxed e-con e-parent\" data-id=\"79d6299\" data-element_type=\"container\">\n\t\t\t\t\t<div class=\"e-con-inner\">\n\t\t\t\t<div class=\"elementor-element elementor-element-0cf5ee5 elementor-widget elementor-widget-text-editor\" data-id=\"0cf5ee5\" data-element_type=\"widget\" data-widget_type=\"text-editor.default\">\n\t\t\t\t\t\t\t\t\t<h2 class=\"eltdf-st-title\"><span class=\"eltdf-st-title-inner\">WHITE AL CENTRO DELLA MILANO FASHION WEEK<\/span><\/h2>\t\t\t\t\t\t\t\t<\/div>\n\t\t\t\t<div class=\"elementor-element elementor-element-c79e359 elementor-widget elementor-widget-text-editor\" data-id=\"c79e359\" data-element_type=\"widget\" data-widget_type=\"text-editor.default\">\n\t\t\t\t\t\t\t\t\t<p>WHITE rappresenta una vetrina internazionale sulla scena fashion globale dedicata a collezioni pret-a-porter a tutto tondo. Si tratta di uno dei pi\u00f9 rilevanti e dinamici eventi durante le Milano Fashion Week, attirando numerosi buyer, addetti stampa e operatori del settore provenienti da tutto il mondo. Le Settimane della Moda Milanese possono vantare pi\u00f9 di 92 miliardi di euro di entrate e 80 miliardi di valore export. WHITE si posiziona all\u2019interno di un forte ecosistema composto da pi\u00f9 di 12.000 aziende della moda e quasi 90.000 operatori del fashion che partecipano ogni anno alla Milano Fashion Week.<\/p><p>In pi\u00f9 di vent\u2019anni di esperienza, a partire dal 2002, WHITE ha supportato e lanciato molti designer di talento come Uma Wang, fino ai pi\u00f9 recenti nomi di successo come Kidsuper, BOTTER e WINDOWSEN.<\/p><p>Tra i visitatori pi\u00f9 significativi, buyer dei pi\u00f9 important department store e dei pi\u00f9 important gruppi del mondo, con nomi come Al Tayer UAE, Bergdorf Goodman New York, Harvey Nichols Kuwait, Bloomingdale\u2019s New York, Galeries Lafayette Doha, Ounass.com, Beymen Turkey MatchesFashion.com, David Jones Australia, CNTRBND Canada, The Collective India, Hudson\u2019s Bay Canada, Apropos Koeln, Opener Korea, Vertice London, The Library UK, The Edit Dubai, A\u00efshti Lebanon, Margreeth Olsthoorn Rotterdam, Level Shoes Dubai, Tom Greyhound Paris, Illum Copenhagen, Smets Belgium, Retro Norway, Joyce Hong Kong, Lane Crawford Hong Kong, Ouimillie Boston, Viva Boutique Ghana, The Webster Miami, LN-CC London, Eng Concept Store China.<\/p>\t\t\t\t\t\t\t\t<\/div>\n\t\t\t\t\t<\/div>\n\t\t\t\t<\/div>\n\t\t<div class=\"elementor-element elementor-element-8c43688 e-flex e-con-boxed e-con e-parent\" data-id=\"8c43688\" data-element_type=\"container\" data-settings=\"{&quot;background_background&quot;:&quot;classic&quot;}\">\n\t\t\t\t\t<div class=\"e-con-inner\">\n\t\t\t\t<div class=\"elementor-element elementor-element-e02eae5 elementor-widget elementor-widget-text-editor\" data-id=\"e02eae5\" data-element_type=\"widget\" data-widget_type=\"text-editor.default\">\n\t\t\t\t\t\t\t\t\t<h3>ABOUT<\/h3>\t\t\t\t\t\t\t\t<\/div>\n\t\t<div class=\"elementor-element elementor-element-5599618 e-con-full e-flex e-con e-child\" data-id=\"5599618\" data-element_type=\"container\">\n\t\t\t\t<div class=\"elementor-element elementor-element-eecfcf0 elementor-widget elementor-widget-text-editor\" data-id=\"eecfcf0\" data-element_type=\"widget\" data-widget_type=\"text-editor.default\">\n\t\t\t\t\t\t\t\t\t<p>WHITE Milano \u00e8 il tradeshow di riferimento per il womenswear internazionale nel cuore del Tortona Fashion District che, con il patrocinio del comune di Milano, dalla sua fondazione nel 2002 ha luogo durante la Milano fashion Week. WHITE \u00e8 una piattaforma omnichannel dedicata agli operatori della moda, in grado di andare incontro al gusto del mercato internazionale contemporaneo, con il supporto di MAECI \u2013 Ministero degli Affari esteri e della Cooperazione Internazionali, di ICE \u2013 Italian Trade Agency, in partnership con Confartigianato Imprese. Leader nel panorama digital e nel networking cosmopolita, capace di riconsolidare costantemente la sua autorevolezza nel connettere brand di ricerca a scenari di contemporary fashion e business, WHITE porta nella capitale della moda circa 800 collezioni di moda e accessori ogni anno, su un\u2019area totale di 20 mila metri quadri.<\/p>\t\t\t\t\t\t\t\t<\/div>\n\t\t\t\t<div class=\"elementor-element elementor-element-df98ae5 elementor-widget elementor-widget-text-editor\" data-id=\"df98ae5\" data-element_type=\"widget\" data-widget_type=\"text-editor.default\">\n\t\t\t\t\t\t\t\t\t<p>La sua visione d\u2019avanguardia, che ha lo scopo di espandersi e abbattere le barriere, promuovendo una migliore comunicazione tra mercato ed entit\u00e0 creative provenienti da tutto il mondo, \u00e8 condivisa da Expowhite, il format con il patrocinio del Ministero della Cultura. Unico nel suo genere, WHITE si propone come contenitore di progetti innovativi, capace di offrire una selezione accurata di marchi sostenibili definiti da una cifra stilistica d\u2019avanguardia, maison affermate, designer sperimentali e startup di nuova generazione. Un crossover di arte, design, cultura e tecnologia, focalizzato sull\u2019esplorazione mirata dei nuovi linguaggi del fashion e allestimenti innovativi ideati dal fondatore di WHITE Massimiliano Bizzi, con un visual layout aggiornato ai codici estetici di ultima generazione.<\/p>\t\t\t\t\t\t\t\t<\/div>\n\t\t\t\t<\/div>\n\t\t\t\t\t<\/div>\n\t\t\t\t<\/div>\n\t\t<div class=\"elementor-element elementor-element-e13e5e6 e-flex e-con-boxed e-con e-parent\" data-id=\"e13e5e6\" data-element_type=\"container\">\n\t\t\t\t\t<div class=\"e-con-inner\">\n\t\t<div class=\"elementor-element elementor-element-5a89652 e-con-full e-flex e-con e-child\" data-id=\"5a89652\" data-element_type=\"container\">\n\t\t<div class=\"elementor-element elementor-element-ebc51db e-con-full e-flex e-con e-child\" data-id=\"ebc51db\" data-element_type=\"container\">\n\t\t\t\t<div class=\"elementor-element elementor-element-c182431 elementor-widget elementor-widget-image\" data-id=\"c182431\" data-element_type=\"widget\" data-widget_type=\"image.default\">\n\t\t\t\t\t\t\t\t\t\t\t\t\t\t\t<img fetchpriority=\"high\" decoding=\"async\" width=\"820\" height=\"1024\" src=\"https:\/\/www.whiteshow.com\/wp-content\/uploads\/2025\/05\/copertinaAbout.jpg\" class=\"attachment-full size-full wp-image-739\" alt=\"\" srcset=\"https:\/\/www.whiteshow.com\/wp-content\/uploads\/2025\/05\/copertinaAbout.jpg 820w, https:\/\/www.whiteshow.com\/wp-content\/uploads\/2025\/05\/copertinaAbout-240x300.jpg 240w, https:\/\/www.whiteshow.com\/wp-content\/uploads\/2025\/05\/copertinaAbout-768x959.jpg 768w\" sizes=\"(max-width: 820px) 100vw, 820px\" \/>\t\t\t\t\t\t\t\t\t\t\t\t\t\t\t<\/div>\n\t\t\t\t<\/div>\n\t\t<div class=\"elementor-element elementor-element-21dcf7c e-con-full e-flex e-con e-child\" data-id=\"21dcf7c\" data-element_type=\"container\">\n\t\t\t\t<div class=\"elementor-element elementor-element-2e17860 elementor-widget elementor-widget-text-editor\" data-id=\"2e17860\" data-element_type=\"widget\" data-widget_type=\"text-editor.default\">\n\t\t\t\t\t\t\t\t\t<h3>ALLE ORIGINI LA SOSTENIBILIT\u00c0<\/h3>\t\t\t\t\t\t\t\t<\/div>\n\t\t\t\t<div class=\"elementor-element elementor-element-be08626 elementor-widget elementor-widget-text-editor\" data-id=\"be08626\" data-element_type=\"widget\" data-widget_type=\"text-editor.default\">\n\t\t\t\t\t\t\t\t\t<p>Un approccio pionieristico al tema della sostenibilit\u00e0 contraddistingue fin dagli esordi gli obiettivi di WHITE, quando nel 2000 \u2013 primo anno di attivit\u00e0 del concept trade show internazionale \u2013 ha scelto un utilizzo degli allestimenti a basso impatto ambientale e zero waste, riducendo al minimo la movimentazione, prima fonte di inquinamento globale, grazie a un sistema di logistica a Km0. Questo approccio \u00e8 il cardine che sta dietro a WHITE DESIGN, la mission che accende i riflettori sul tema del riciclo, per vestire i saloni con tessuti e materiali di recupero e tinture naturali. L\u2019impegno di WHITE nella promozione di un sistema moda etico a 360 gradi investe importanti risorse, al fine di garantire l\u2019uso controllato dei materiali, il rispetto del lavoro, dell\u2019individuo e del suo ambiente di lavoro, fino alla selezione accurata di marchi 100% sostenibili. Culmine di questa visione \u00e8 WSM \u2013 White Sustainable Milano, un evento riconosciuto a livello internazionale che si inserisce nel progetto di comunicazione integrata di WHITE per sensibilizzare, educare ed informare in merito alle tematiche di sostenibilit\u00e0, transizione ecologica e tecnologia che l\u2019industria sta e deve affrontare.<\/p>\t\t\t\t\t\t\t\t<\/div>\n\t\t\t\t<\/div>\n\t\t\t\t<\/div>\n\t\t\t\t\t<\/div>\n\t\t\t\t<\/div>\n\t\t<div class=\"elementor-element elementor-element-29420e9 e-flex e-con-boxed e-con e-parent\" data-id=\"29420e9\" data-element_type=\"container\" data-settings=\"{&quot;background_background&quot;:&quot;classic&quot;}\">\n\t\t\t\t\t<div class=\"e-con-inner\">\n\t\t<div class=\"elementor-element elementor-element-e5906a3 e-con-full e-flex e-con e-child\" data-id=\"e5906a3\" data-element_type=\"container\">\n\t\t<div class=\"elementor-element elementor-element-4044cfd e-con-full e-flex e-con e-child\" data-id=\"4044cfd\" data-element_type=\"container\">\n\t\t\t\t<div class=\"elementor-element elementor-element-9f242a8 elementor-widget elementor-widget-text-editor\" data-id=\"9f242a8\" data-element_type=\"widget\" data-widget_type=\"text-editor.default\">\n\t\t\t\t\t\t\t\t\t<h3>SEEN AT WHITE<\/h3>\t\t\t\t\t\t\t\t<\/div>\n\t\t\t\t<div class=\"elementor-element elementor-element-9b9b588 elementor-widget elementor-widget-text-editor\" data-id=\"9b9b588\" data-element_type=\"widget\" data-widget_type=\"text-editor.default\">\n\t\t\t\t\t\t\t\t\t19-69 \/\/ (D)IVISION \/\/ ACNE STUDIOS \/\/ ADIDAS \/\/ AF VANDERVOST \/\/ AHLUWALIA \/\/ ANCUTA SARCA \/\/ ANN DEMEULEMEESTER \/\/ ANTONIO MARRAS \/\/ BORSALINO \/\/ BOTTER \/\/ CARLOTA BARRERA \/\/ CHET LO \/\/ COMEFORBREAKFAST \/\/ COMPLETED WORKS \/\/ DI LIBORIO \/\/ DURAN LANTINK \/\/ EDWARD CRUTCHLEY \/\/ EFTYCHIA \/\/ FEBEN \/\/ FINAMORE \/\/ FIORUCCI \/\/ FRANCESCO SCOGNAMIGLIO \/\/ GCDS \/\/ GOLDEN GOOSE \/\/ GRAY MATTERS \/\/ GUIDI \/\/ HAN KJ\u00d8BENHAVN \/\/ HELEN KIRKUM \/\/ HENRIK VIBSKOV \/\/ INCOTEX \/\/ JORDAN LUCA \/\/ KIDSUPER \/\/ KITON \/\/ L\u00c6RKE ANDERSEN \/\/ LABRUM \/\/ MAISON MARTIN MARGIELA \/\/ MALO \/\/ MARCO RAMBALDI \/\/ MASSIMO ALBA \/\/ MAXIMILIAN DEVIS \/\/ MOTH AND RABBIT \/\/ MOTHER \/\/ MOUSSY VINTAGE \/\/ MUL_OLGA \/\/ NANA-NANA \/\/ PALMER\/HARDING \/\/ PATAGONIA \/\/ PAULA CADEMARTORI \/\/ PHOTOGENICS&#038;CO \/\/ RE\/DONE \/\/ REIKE NEN \/\/ ROBYN LYNCH \/\/ ROKER \/\/ SAUL NASH \/\/ SHI.RT \/\/ SHUSHU\/TONG \/\/ SOPHIE D\u2019HOORE \/\/ STEFANO MORTARI \/\/ SWAROVSKI \/\/ SS DALEY \/\/ SWEET LIME JUICE \/\/ TAAK \/\/ TAGLIATORE \/\/ THOMAS NEUMAN \/\/ TOGA PULLA \/\/ TWOBC \/\/ UMA WANG \/\/ VAVA EYEWEAR \/\/ VIVIENNE WESTWOOD \/\/ YOHANIX \/\/ YUHAN WANG\t\t\t\t\t\t\t\t<\/div>\n\t\t\t\t<\/div>\n\t\t<div class=\"elementor-element elementor-element-35e8b7f e-con-full e-flex e-con e-child\" data-id=\"35e8b7f\" data-element_type=\"container\">\n\t\t\t\t<div class=\"elementor-element elementor-element-99fbea9 elementor-widget elementor-widget-image\" data-id=\"99fbea9\" data-element_type=\"widget\" data-widget_type=\"image.default\">\n\t\t\t\t\t\t\t\t\t\t\t\t\t\t\t<img decoding=\"async\" width=\"1333\" height=\"1893\" src=\"https:\/\/www.whiteshow.com\/wp-content\/uploads\/2025\/05\/head-1.jpg\" class=\"attachment-full size-full wp-image-740\" alt=\"\" srcset=\"https:\/\/www.whiteshow.com\/wp-content\/uploads\/2025\/05\/head-1.jpg 1333w, https:\/\/www.whiteshow.com\/wp-content\/uploads\/2025\/05\/head-1-211x300.jpg 211w, https:\/\/www.whiteshow.com\/wp-content\/uploads\/2025\/05\/head-1-721x1024.jpg 721w, https:\/\/www.whiteshow.com\/wp-content\/uploads\/2025\/05\/head-1-768x1091.jpg 768w, https:\/\/www.whiteshow.com\/wp-content\/uploads\/2025\/05\/head-1-1082x1536.jpg 1082w\" sizes=\"(max-width: 1333px) 100vw, 1333px\" \/>\t\t\t\t\t\t\t\t\t\t\t\t\t\t\t<\/div>\n\t\t\t\t<\/div>\n\t\t\t\t<\/div>\n\t\t\t\t\t<\/div>\n\t\t\t\t<\/div>\n\t\t\t\t<\/div>\n\t\t","protected":false},"excerpt":{"rendered":"<p>About WHITE AL CENTRO DELLA MILANO FASHION WEEK WHITE rappresenta una vetrina internazionale sulla scena fashion globale dedicata a collezioni pret-a-porter a tutto tondo. Si tratta di uno dei pi\u00f9 rilevanti e dinamici eventi durante le Milano Fashion Week, attirando numerosi buyer, addetti stampa e operatori del settore provenienti da tutto il mondo. Le Settimane [&hellip;]<\/p>\n","protected":false},"author":1,"featured_media":0,"parent":0,"menu_order":0,"comment_status":"closed","ping_status":"closed","template":"","meta":{"footnotes":""},"class_list":["post-1185","page","type-page","status-publish","hentry"],"_links":{"self":[{"href":"https:\/\/www.whiteshow.com\/en\/wp-json\/wp\/v2\/pages\/1185","targetHints":{"allow":["GET"]}}],"collection":[{"href":"https:\/\/www.whiteshow.com\/en\/wp-json\/wp\/v2\/pages"}],"about":[{"href":"https:\/\/www.whiteshow.com\/en\/wp-json\/wp\/v2\/types\/page"}],"author":[{"embeddable":true,"href":"https:\/\/www.whiteshow.com\/en\/wp-json\/wp\/v2\/users\/1"}],"replies":[{"embeddable":true,"href":"https:\/\/www.whiteshow.com\/en\/wp-json\/wp\/v2\/comments?post=1185"}],"version-history":[{"count":1,"href":"https:\/\/www.whiteshow.com\/en\/wp-json\/wp\/v2\/pages\/1185\/revisions"}],"predecessor-version":[{"id":1186,"href":"https:\/\/www.whiteshow.com\/en\/wp-json\/wp\/v2\/pages\/1185\/revisions\/1186"}],"wp:attachment":[{"href":"https:\/\/www.whiteshow.com\/en\/wp-json\/wp\/v2\/media?parent=1185"}],"curies":[{"name":"wp","href":"https:\/\/api.w.org\/{rel}","templated":true}]}}